{"id":4464,"date":"2021-06-23T16:36:01","date_gmt":"2021-06-23T16:36:01","guid":{"rendered":"https:\/\/habittud.com\/terminos-y-condiciones\/"},"modified":"2021-06-23T16:36:01","modified_gmt":"2021-06-23T16:36:01","slug":"terminos-y-condiciones","status":"publish","type":"page","link":"https:\/\/habittud.com\/en\/terminos-y-condiciones\/","title":{"rendered":"T\u00e9rminos y Condiciones"},"content":{"rendered":"<p><strong>1. Aviso e Informaci\u00f3n Legales<\/strong><\/p>\n<p align=\"justify\">El presente Aviso Legal regula el acceso y el uso del servicio del sitio web www.habittud.com (en adelante, el \u201cSitio Web\u201d) que HABITTUD CONSULTING SL, (en adelante, \u201cHABITTUD\u201d) pone a disposici\u00f3n de los usuarios de Internet interesados en sus servicios y contenidos (en adelante, los \u201cUsuarios\u201d).HABITTUD podr\u00e1 alterar en cualquier momento y sin aviso previo, el dise\u00f1o, presentaci\u00f3n y\/o configuraci\u00f3n del Sitio Web, as\u00ed como algunos o todos los servicios, y a\u00f1adir servicios nuevos. El Usuario debe tener en cuenta que los materiales y enlaces contenidos en este Sitio Web pudieran no reflejar la informaci\u00f3n m\u00e1s reciente de los servicios de HABITTUD o de terceros prestados a trav\u00e9s del Sitio Web. La utilizaci\u00f3n de este Sitio Web implica la plena aceptaci\u00f3n de las disposiciones incluidas en este Aviso en la versi\u00f3n publicada porHABITTUD en el momento en que el Usuario acceda al Sitio Web. Asimismo HABITTUD pone en conocimiento de los Usuarios de este Sitio Web que estas Condiciones Generales de Uso (en adelante, \u201clas Condiciones\u201d) pueden ser modificadas sin notificaci\u00f3n previa. En consecuencia, el Usuario debe leer atentamente el presente Aviso Legal en cada una de las ocasiones en que se proceda a utilizar el Sitio Web.<\/p>\n<p><strong>2. Condiciones de acceso y utilizaci\u00f3n del Sitio Web<\/strong><\/p>\n<p align=\"justify\">El Usuario se compromete a hacer un uso diligente del mismo y de los servicios accesibles desde este Sitio Web, con total sujeci\u00f3n a la Ley, a las buenas costumbres y las presentes Condiciones y, en su caso, condiciones de uso de los servicios, as\u00ed como manteniendo el debido respeto a los dem\u00e1s usuarios. El Usuario renunciar\u00e1 a utilizar cualquiera de los materiales e informaciones contenidos en este Sitio Web con fines il\u00edcitos y expresamente prohibidos en las presentes Condiciones, as\u00ed como a las condiciones propias de los servicios que en su caso se habiliten, que resulten contrarios a los derechos e intereses de HABITTUD y\/o terceros, y deber\u00e1 responder frente a los mismos en caso de contravenir o incumplir dichas obligaciones y\/o actuar de cualquier modo (incluida la introducci\u00f3n o difusi\u00f3n de \u201cvirus inform\u00e1ticos\u201d), que da\u00f1e, inutilice, sobrecargue, deteriore o impida la normal utilizaci\u00f3n de los materiales e informaciones contenidos en el Sitio Web, los sistemas de informaci\u00f3n o los documentos, archivos y toda clase de contenidos almacenados en cualquier equipo inform\u00e1tico de HABITTUD o de cualquier Usuario del Sitio Web.<\/p>\n<p><strong>3. Exclusi\u00f3n de garant\u00edas y responsabilidad<\/strong><\/p>\n<p align=\"justify\">HABITTUD no se responsabiliza por los da\u00f1os y perjuicios de toda naturaleza que puedan deberse a la falta de exactitud, exhaustividad, actualidad, as\u00ed como a errores u omisiones de los que pudieran adolecer las informaciones y servicios contenidos de este Sitio Web u otros contenidos a los que se pueda acceder a trav\u00e9s del mismo ni asume ning\u00fan deber o compromiso de verificar ni de vigilar sus contenidos e informaciones. Asimismo,HABITTUD no garantiza la disponibilidad, continuidad ni la infalibilidad del funcionamiento del Sitio Web y en, consecuencia, excluye, en la m\u00e1xima medida permitida por la legislaci\u00f3n vigente, cualquier responsabilidad por los da\u00f1os y perjuicios de toda naturaleza que puedan deberse a la falta de disponibilidad o de continuidad del funcionamiento del Sitio Web y de los servicios habilitados en el mismo, as\u00ed como a los errores en el acceso a las distintas p\u00e1ginas web o a aquellas desde las que, en su caso, se presten dichos servicios. HABITTUD declina toda responsabilidad por los da\u00f1os inform\u00e1ticos o de otro tipo que pudiera ocasionar al Usuario visitante en el acceso a los contenidos de este Sitio Web. Por ello, HABITTUD no garantiza la ausencia de virus u otros elementos lesivos que pudieran causar da\u00f1os o alteraciones en el sistema inform\u00e1tico, en los documentos electr\u00f3nicos o en los ficheros del Usuario a terceros.<\/p>\n<p><strong>4. Enlaces<\/strong><\/p>\n<p align=\"justify\">HABITTUD pone a disposici\u00f3n de los Usuarios enlaces o links con el fin de facilitar el acceso a la informaci\u00f3n, servicios y dem\u00e1s contenidos disponibles en Internet. Los enlaces o links habilitados en este Sitio Web pueden conducir al Usuario a otros sitios y p\u00e1ginas web gestionadas por terceros, sobre los que HABITTUD no ejerce ning\u00fan tipo de control. HABITTUD no asume ning\u00fan deber de vigilar ni de verificar las informaciones o contenidos de los otros sitios web a los que quepa acceder mediante los hiperenlaces existentes en el Sitio Web. Asume exclusivamente el deber de suprimir del Sitio Web, con la mayor brevedad posible, las informaciones, contenidos o servicios que no se correspondan con la realidad, o puedan inducir a error o causar da\u00f1o al Usuario. No se podr\u00e1 establecer ning\u00fan v\u00ednculo a www.habittud.com desde cualquier otra web sin expreso consentimiento por escrito de HABITTUD.<\/p>\n<p><strong>5. Legislaci\u00f3n aplicable<\/strong><\/p>\n<p align=\"justify\">El presente Aviso Legal se rige en todos y cada uno de sus extremos por la ley espa\u00f1ola.<\/p>\n","protected":false},"excerpt":{"rendered":"<p>1. Aviso e Informaci\u00f3n Legales El presente Aviso Legal regula el acceso y el uso del servicio del sitio web www.habittud.com (en adelante, el \u201cSitio Web\u201d) que HABITTUD CONSULTING SL, (en adelante, \u201cHABITTUD\u201d) pone a disposici\u00f3n de los usuarios de Internet interesados en sus servicios y contenidos (en adelante, los \u201cUsuarios\u201d).HABITTUD podr\u00e1 alterar en cualquier &#8230; <a title=\"T\u00e9rminos y Condiciones\" class=\"read-more\" href=\"https:\/\/habittud.com\/en\/terminos-y-condiciones\/\" aria-label=\"More on T\u00e9rminos y Condiciones\">Read more<\/a><\/p>\n","protected":false},"author":1,"featured_media":0,"parent":0,"menu_order":0,"comment_status":"closed","ping_status":"closed","template":"","meta":{"inline_featured_image":false,"footnotes":""},"class_list":["post-4464","page","type-page","status-publish"],"yoast_head":"<!-- This site is optimized with the Yoast SEO plugin v24.3 - https:\/\/yoast.com\/wordpress\/plugins\/seo\/ -->\n<title>T\u00e9rminos y Condiciones - Habittud Consulting<\/title>\n<meta name=\"robots\" content=\"index, follow, max-snippet:-1, max-image-preview:large, max-video-preview:-1\" \/>\n<link rel=\"canonical\" href=\"https:\/\/habittud.com\/en\/terminos-y-condiciones\/\" \/>\n<meta property=\"og:locale\" content=\"en_US\" \/>\n<meta property=\"og:type\" content=\"article\" \/>\n<meta property=\"og:title\" content=\"T\u00e9rminos y Condiciones - Habittud Consulting\" \/>\n<meta property=\"og:description\" content=\"1. Aviso e Informaci\u00f3n Legales El presente Aviso Legal regula el acceso y el uso del servicio del sitio web www.habittud.com (en adelante, el \u201cSitio Web\u201d) que HABITTUD CONSULTING SL, (en adelante, \u201cHABITTUD\u201d) pone a disposici\u00f3n de los usuarios de Internet interesados en sus servicios y contenidos (en adelante, los \u201cUsuarios\u201d).HABITTUD podr\u00e1 alterar en cualquier ... Read more\" \/>\n<meta property=\"og:url\" content=\"https:\/\/habittud.com\/en\/terminos-y-condiciones\/\" \/>\n<meta property=\"og:site_name\" content=\"Habittud Consulting\" \/>\n<meta property=\"article:publisher\" content=\"https:\/\/www.facebook.com\/Habittud-Consulting-162108130874426\/?hc_ref=SEARCH&amp;amp%3bamp%3bamp%3bamp%3bfref=nf\" \/>\n<meta name=\"twitter:card\" content=\"summary_large_image\" \/>\n<meta name=\"twitter:site\" content=\"@habittudconsult\" \/>\n<meta name=\"twitter:label1\" content=\"Est. reading time\" \/>\n\t<meta name=\"twitter:data1\" content=\"4 minutes\" \/>\n<script type=\"application\/ld+json\" class=\"yoast-schema-graph\">{\"@context\":\"https:\/\/schema.org\",\"@graph\":[{\"@type\":\"WebPage\",\"@id\":\"https:\/\/habittud.com\/en\/terminos-y-condiciones\/\",\"url\":\"https:\/\/habittud.com\/en\/terminos-y-condiciones\/\",\"name\":\"T\u00e9rminos y Condiciones - Habittud Consulting\",\"isPartOf\":{\"@id\":\"https:\/\/habittud.com\/#website\"},\"datePublished\":\"2021-06-23T16:36:01+00:00\",\"dateModified\":\"2021-06-23T16:36:01+00:00\",\"breadcrumb\":{\"@id\":\"https:\/\/habittud.com\/en\/terminos-y-condiciones\/#breadcrumb\"},\"inLanguage\":\"en-US\",\"potentialAction\":[{\"@type\":\"ReadAction\",\"target\":[\"https:\/\/habittud.com\/en\/terminos-y-condiciones\/\"]}]},{\"@type\":\"BreadcrumbList\",\"@id\":\"https:\/\/habittud.com\/en\/terminos-y-condiciones\/#breadcrumb\",\"itemListElement\":[{\"@type\":\"ListItem\",\"position\":1,\"name\":\"Portada\",\"item\":\"https:\/\/habittud.com\/en\/\"},{\"@type\":\"ListItem\",\"position\":2,\"name\":\"T\u00e9rminos y Condiciones\"}]},{\"@type\":\"WebSite\",\"@id\":\"https:\/\/habittud.com\/#website\",\"url\":\"https:\/\/habittud.com\/\",\"name\":\"Habittud Consulting\",\"description\":\"Consultor\u00eda de recursos humanos - \u201cTodo nuevo h\u00e1bito comienza  con un cambio de actitud\u201d\",\"publisher\":{\"@id\":\"https:\/\/habittud.com\/#organization\"},\"potentialAction\":[{\"@type\":\"SearchAction\",\"target\":{\"@type\":\"EntryPoint\",\"urlTemplate\":\"https:\/\/habittud.com\/?s={search_term_string}\"},\"query-input\":{\"@type\":\"PropertyValueSpecification\",\"valueRequired\":true,\"valueName\":\"search_term_string\"}}],\"inLanguage\":\"en-US\"},{\"@type\":\"Organization\",\"@id\":\"https:\/\/habittud.com\/#organization\",\"name\":\"Habittud Consulting\",\"url\":\"https:\/\/habittud.com\/\",\"logo\":{\"@type\":\"ImageObject\",\"inLanguage\":\"en-US\",\"@id\":\"https:\/\/habittud.com\/#\/schema\/logo\/image\/\",\"url\":\"https:\/\/habittud.com\/wp-content\/uploads\/2021\/03\/cropped-logo_slider-ok.png\",\"contentUrl\":\"https:\/\/habittud.com\/wp-content\/uploads\/2021\/03\/cropped-logo_slider-ok.png\",\"width\":1032,\"height\":720,\"caption\":\"Habittud Consulting\"},\"image\":{\"@id\":\"https:\/\/habittud.com\/#\/schema\/logo\/image\/\"},\"sameAs\":[\"https:\/\/www.facebook.com\/Habittud-Consulting-162108130874426\/?hc_ref=SEARCH&amp;amp;amp;amp;fref=nf\",\"https:\/\/x.com\/habittudconsult\",\"https:\/\/www.linkedin.com\/company\/10827942?trk=tyah&amp;amp;amp;amp;trkInfo=clickedVertical:company,clickedEntityId:10827942,idx:2-1-2,tarId:1474558825305,tas:habittud\"]}]}<\/script>\n<!-- \/ Yoast SEO plugin. -->","yoast_head_json":{"title":"T\u00e9rminos y Condiciones - Habittud Consulting","robots":{"index":"index","follow":"follow","max-snippet":"max-snippet:-1","max-image-preview":"max-image-preview:large","max-video-preview":"max-video-preview:-1"},"canonical":"https:\/\/habittud.com\/en\/terminos-y-condiciones\/","og_locale":"en_US","og_type":"article","og_title":"T\u00e9rminos y Condiciones - Habittud Consulting","og_description":"1. Aviso e Informaci\u00f3n Legales El presente Aviso Legal regula el acceso y el uso del servicio del sitio web www.habittud.com (en adelante, el \u201cSitio Web\u201d) que HABITTUD CONSULTING SL, (en adelante, \u201cHABITTUD\u201d) pone a disposici\u00f3n de los usuarios de Internet interesados en sus servicios y contenidos (en adelante, los \u201cUsuarios\u201d).HABITTUD podr\u00e1 alterar en cualquier ... Read more","og_url":"https:\/\/habittud.com\/en\/terminos-y-condiciones\/","og_site_name":"Habittud Consulting","article_publisher":"https:\/\/www.facebook.com\/Habittud-Consulting-162108130874426\/?hc_ref=SEARCH&amp%3bamp%3bamp%3bamp%3bfref=nf","twitter_card":"summary_large_image","twitter_site":"@habittudconsult","twitter_misc":{"Est. reading time":"4 minutes"},"schema":{"@context":"https:\/\/schema.org","@graph":[{"@type":"WebPage","@id":"https:\/\/habittud.com\/en\/terminos-y-condiciones\/","url":"https:\/\/habittud.com\/en\/terminos-y-condiciones\/","name":"T\u00e9rminos y Condiciones - Habittud Consulting","isPartOf":{"@id":"https:\/\/habittud.com\/#website"},"datePublished":"2021-06-23T16:36:01+00:00","dateModified":"2021-06-23T16:36:01+00:00","breadcrumb":{"@id":"https:\/\/habittud.com\/en\/terminos-y-condiciones\/#breadcrumb"},"inLanguage":"en-US","potentialAction":[{"@type":"ReadAction","target":["https:\/\/habittud.com\/en\/terminos-y-condiciones\/"]}]},{"@type":"BreadcrumbList","@id":"https:\/\/habittud.com\/en\/terminos-y-condiciones\/#breadcrumb","itemListElement":[{"@type":"ListItem","position":1,"name":"Portada","item":"https:\/\/habittud.com\/en\/"},{"@type":"ListItem","position":2,"name":"T\u00e9rminos y Condiciones"}]},{"@type":"WebSite","@id":"https:\/\/habittud.com\/#website","url":"https:\/\/habittud.com\/","name":"Habittud Consulting","description":"Consultor\u00eda de recursos humanos - \u201cTodo nuevo h\u00e1bito comienza  con un cambio de actitud\u201d","publisher":{"@id":"https:\/\/habittud.com\/#organization"},"potentialAction":[{"@type":"SearchAction","target":{"@type":"EntryPoint","urlTemplate":"https:\/\/habittud.com\/?s={search_term_string}"},"query-input":{"@type":"PropertyValueSpecification","valueRequired":true,"valueName":"search_term_string"}}],"inLanguage":"en-US"},{"@type":"Organization","@id":"https:\/\/habittud.com\/#organization","name":"Habittud Consulting","url":"https:\/\/habittud.com\/","logo":{"@type":"ImageObject","inLanguage":"en-US","@id":"https:\/\/habittud.com\/#\/schema\/logo\/image\/","url":"https:\/\/habittud.com\/wp-content\/uploads\/2021\/03\/cropped-logo_slider-ok.png","contentUrl":"https:\/\/habittud.com\/wp-content\/uploads\/2021\/03\/cropped-logo_slider-ok.png","width":1032,"height":720,"caption":"Habittud Consulting"},"image":{"@id":"https:\/\/habittud.com\/#\/schema\/logo\/image\/"},"sameAs":["https:\/\/www.facebook.com\/Habittud-Consulting-162108130874426\/?hc_ref=SEARCH&amp;amp;amp;amp;fref=nf","https:\/\/x.com\/habittudconsult","https:\/\/www.linkedin.com\/company\/10827942?trk=tyah&amp;amp;amp;amp;trkInfo=clickedVertical:company,clickedEntityId:10827942,idx:2-1-2,tarId:1474558825305,tas:habittud"]}]}},"_links":{"self":[{"href":"https:\/\/habittud.com\/en\/wp-json\/wp\/v2\/pages\/4464","targetHints":{"allow":["GET"]}}],"collection":[{"href":"https:\/\/habittud.com\/en\/wp-json\/wp\/v2\/pages"}],"about":[{"href":"https:\/\/habittud.com\/en\/wp-json\/wp\/v2\/types\/page"}],"author":[{"embeddable":true,"href":"https:\/\/habittud.com\/en\/wp-json\/wp\/v2\/users\/1"}],"replies":[{"embeddable":true,"href":"https:\/\/habittud.com\/en\/wp-json\/wp\/v2\/comments?post=4464"}],"version-history":[{"count":0,"href":"https:\/\/habittud.com\/en\/wp-json\/wp\/v2\/pages\/4464\/revisions"}],"wp:attachment":[{"href":"https:\/\/habittud.com\/en\/wp-json\/wp\/v2\/media?parent=4464"}],"curies":[{"name":"wp","href":"https:\/\/api.w.org\/{rel}","templated":true}]}}